{"id":62,"date":"2021-06-28T12:30:21","date_gmt":"2021-06-28T09:30:21","guid":{"rendered":"http:\/\/desperadoarms.com.tr\/tr\/?page_id=62"},"modified":"2021-10-13T18:26:00","modified_gmt":"2021-10-13T15:26:00","slug":"urunler","status":"publish","type":"page","link":"https:\/\/desperadoarms.com.tr\/tr\/urunler\/","title":{"rendered":"\u00dcr\u00fcnler"},"content":{"rendered":"<ul>\n<li>\n<h1>BULLPUP<\/h1>\n<p>urunler desperado arms\n<\/li>\n<\/ul>\n<ul>\n<li>\n<h2>POMPALI<\/h2>\n<\/li>\n<\/ul>\n<ul>\n<li>\n<h2>YARI OTOMAT\u0130K<\/h2>\n<\/li>\n<\/ul>\n<ul>\n<li>\n<h3>D\u0130KEY \u015eARJ\u00d6RL\u00dc<\/h3>\n<\/li>\n<\/ul>\n<ul>\n<li>\n<h3>AKSESUARLAR<\/h3>\n<\/li>\n<li>\n<h2>\u00dcr\u00fcn \u00d6zellikleri<\/h2>\n<div id=\"tab2\" class=\"tab\">\n<ul class=\"ozellikler\">\n<li>MODEL<a>DSP-612 D-5<\/a><\/li>\n<li>S\u0130STEM<a>Gazl\u0131 Sistem<\/a><\/li>\n<li>\u00d6L\u00c7\u00dc<a>12<\/a><\/li>\n<li>\u015eARJ\u00d6R KAPAS\u0130TES\u0130<a>2 + 1 \/ 5 + 1 \/ 10 + 1<\/a><\/li>\n<li>NAMLU UZUNLU\u011eU<a class=\"barrel-length\">35-47-51-55-61cm 13.5&#8243;-18.5&#8243;-20&#8243;-22&#8243;-24&#8243;<\/a><\/li>\n<li>STOK<a>Taktikal Sentetik<\/a><\/li>\n<li>F\u0130\u015eEK YATA\u011eI<a>3&#8243;<\/a><\/li>\n<li>\u015eOK<a>Taktikal Namlu \u015eok<\/a><\/li>\n<li>ORTALAMA A\u011eIRLIK<\/li>\n<\/ul>\n<h2>\u00dcr\u00fcn \u00d6zellikleri<\/h2>\n<div id=\"tab2\" class=\"tab\">\n<ul class=\"ozellikler\">\n<li>MODEL<a>DSP-512 Bronze-Camo<\/a><\/li>\n<li>S\u0130STEM<a>Gazl\u0131 Sistem<\/a><\/li>\n<li>\u00d6L\u00c7\u00dc<a>12-20-36<\/a><\/li>\n<li>\u015eARJ\u00d6R KAPAS\u0130TES\u0130<a>5 + 1<\/a><\/li>\n<li>NAMLU UZUNLU\u011eU<a class=\"barrel-length\">61-66-71-76cm 24&#8243;-26&#8243;-28&#8243;-30&#8243;<\/a><\/li>\n<li>STOK<a>Ceviz \/ Sentetik<\/a><\/li>\n<li>F\u0130\u015eEK YATA\u011eI<a>3&#8243;<\/a><\/li>\n<li>\u015eOK<a>Mobil Slug<\/a><\/li>\n<li>ORTALAMA A\u011eIRLIK<\/li>\n<\/ul>\n<\/div>\n<blockquote class=\"wp-embedded-content\" data-secret=\"ExgdxwdXr6\"><p><a href=\"https:\/\/desperadoarms.com.tr\/tr\/urunler\/\">\u00dcr\u00fcnler<\/a><\/p><\/blockquote>\n<p><iframe class=\"wp-embedded-content lazyload\" sandbox=\"allow-scripts\" security=\"restricted\" style=\"position: absolute; visibility: hidden;\" title=\"&#8220;\u00dcr\u00fcnler&#8221; &#8212; Desperado Arms\" data-src=\"https:\/\/desperadoarms.com.tr\/tr\/urunler\/embed\/#?secret=02wLYS5Lyb#?secret=ExgdxwdXr6\" data-secret=\"ExgdxwdXr6\" width=\"500\" height=\"282\" frameborder=\"0\" marginwidth=\"0\" marginheight=\"0\" scrolling=\"no\" src=\"data:image\/svg+xml;base64,PHN2ZyB3aWR0aD0iMSIgaGVpZ2h0PSIxIiB4bWxucz0iaHR0cDovL3d3dy53My5vcmcvMjAwMC9zdmciPjwvc3ZnPg==\" data-load-mode=\"1\"><\/iframe><\/p>\n<\/div>\n<\/li>\n<\/ul>\n<p><img decoding=\"async\" data-src=\"http:\/\/desperadoarms.com.tr\/tr\/wp-content\/uploads\/2021\/09\/DSP-612-D-5-300x81.png\" alt=\"desperado-arms-urunler\" width=\"300\" height=\"81\" class=\"alignnone size-medium wp-image-1458 lazyload\" data-srcset=\"https:\/\/desperadoarms.com.tr\/tr\/wp-content\/uploads\/2021\/09\/DSP-612-D-5-300x81.png 300w, https:\/\/desperadoarms.com.tr\/tr\/wp-content\/uploads\/2021\/09\/DSP-612-D-5-1024x276.png 1024w, https:\/\/desperadoarms.com.tr\/tr\/wp-content\/uploads\/2021\/09\/DSP-612-D-5-768x207.png 768w, https:\/\/desperadoarms.com.tr\/tr\/wp-content\/uploads\/2021\/09\/DSP-612-D-5-1536x414.png 1536w, https:\/\/desperadoarms.com.tr\/tr\/wp-content\/uploads\/2021\/09\/DSP-612-D-5-389x105.png 389w, https:\/\/desperadoarms.com.tr\/tr\/wp-content\/uploads\/2021\/09\/DSP-612-D-5.png 1920w\" data-sizes=\"(max-width: 300px) 100vw, 300px\" src=\"data:image\/svg+xml;base64,PHN2ZyB3aWR0aD0iMSIgaGVpZ2h0PSIxIiB4bWxucz0iaHR0cDovL3d3dy53My5vcmcvMjAwMC9zdmciPjwvc3ZnPg==\" style=\"--smush-placeholder-width: 300px; --smush-placeholder-aspect-ratio: 300\/81;\" \/><br \/>\n<img decoding=\"async\" data-src=\"http:\/\/desperadoarms.com.tr\/tr\/wp-content\/uploads\/2021\/09\/desperado-icon-300x300.jpg\" alt=\"desperado-arms-urunler\" width=\"300\" height=\"300\" class=\"alignnone size-medium wp-image-1335 lazyload\" data-srcset=\"https:\/\/desperadoarms.com.tr\/tr\/wp-content\/uploads\/2021\/09\/desperado-icon-300x300.jpg 300w, https:\/\/desperadoarms.com.tr\/tr\/wp-content\/uploads\/2021\/09\/desperado-icon-1024x1024.jpg 1024w, https:\/\/desperadoarms.com.tr\/tr\/wp-content\/uploads\/2021\/09\/desperado-icon-150x150.jpg 150w, https:\/\/desperadoarms.com.tr\/tr\/wp-content\/uploads\/2021\/09\/desperado-icon-768x768.jpg 768w, https:\/\/desperadoarms.com.tr\/tr\/wp-content\/uploads\/2021\/09\/desperado-icon-105x105.jpg 105w, https:\/\/desperadoarms.com.tr\/tr\/wp-content\/uploads\/2021\/09\/desperado-icon.jpg 1080w\" data-sizes=\"(max-width: 300px) 100vw, 300px\" src=\"data:image\/svg+xml;base64,PHN2ZyB3aWR0aD0iMSIgaGVpZ2h0PSIxIiB4bWxucz0iaHR0cDovL3d3dy53My5vcmcvMjAwMC9zdmciPjwvc3ZnPg==\" style=\"--smush-placeholder-width: 300px; --smush-placeholder-aspect-ratio: 300\/300;\" \/><\/p>\n<p>urunler desperado arms<\/p>\n","protected":false},"excerpt":{"rendered":"<p>BULLPUP urunler desperado arms POMPALI YARI OTOMAT\u0130K D\u0130KEY \u015eARJ\u00d6RL\u00dc AKSESUARLAR \u00dcr\u00fcn \u00d6zellikleri MODELDSP-612 D-5 S\u0130STEMGazl\u0131 Sistem \u00d6L\u00c7\u00dc12 \u015eARJ\u00d6R KAPAS\u0130TES\u01302 + 1 \/ 5 + 1 \/ 10 + 1 NAMLU UZUNLU\u011eU35-47-51-55-61cm 13.5&#8243;-18.5&#8243;-20&#8243;-22&#8243;-24&#8243; STOKTaktikal Sentetik F\u0130\u015eEK YATA\u011eI3&#8243; \u015eOKTaktikal Namlu \u015eok ORTALAMA A\u011eIRLIK \u00dcr\u00fcn \u00d6zellikleri MODELDSP-512 Bronze-Camo S\u0130STEMGazl\u0131 Sistem \u00d6L\u00c7\u00dc12-20-36 \u015eARJ\u00d6R KAPAS\u0130TES\u01305 + 1 NAMLU UZUNLU\u011eU61-66-71-76cm 24&#8243;-26&#8243;-28&#8243;-30&#8243; STOKCeviz \/ Sentetik F\u0130\u015eEK YATA\u011eI3&#8243; \u015eOKMobil Slug ORTALAMA A\u011eIRLIK \u00dcr\u00fcnler urunler desperado arms<\/p>\n","protected":false},"author":1,"featured_media":0,"parent":0,"menu_order":0,"comment_status":"closed","ping_status":"closed","template":"","meta":{"_acf_changed":false,"footnotes":""},"class_list":["post-62","page","type-page","status-publish","hentry"],"acf":[],"yoast_head":"<!-- This site is optimized with the Yoast SEO plugin v27.1.1 - https:\/\/yoast.com\/product\/yoast-seo-wordpress\/ -->\n<title>AV T\u00fcfekleri - Desperado Arms -Urunler<\/title>\n<meta name=\"description\" content=\"BULLPUP\/ POMPALI\/ YARI-OTOMAT\u0130K\/ D\u0130KEY-\u015eARJ\u00d6RL\u00dc\/ AKSESUARLAR\/ (urunler-desperado-arms) \u00dcr\u00fcn \u00d6zellikleri MODEL DSP-612 D-5 S\u0130STEM Gazl\u0131 Sistem\" \/>\n<meta name=\"robots\" content=\"index, follow, max-snippet:-1, max-image-preview:large, max-video-preview:-1\" \/>\n<link rel=\"canonical\" href=\"https:\/\/desperadoarms.com.tr\/tr\/urunler\/\" \/>\n<meta property=\"og:locale\" content=\"tr_TR\" \/>\n<meta property=\"og:type\" content=\"article\" \/>\n<meta property=\"og:title\" content=\"AV T\u00fcfekleri - Desperado Arms -Urunler\" \/>\n<meta property=\"og:description\" content=\"BULLPUP\/ POMPALI\/ YARI-OTOMAT\u0130K\/ D\u0130KEY-\u015eARJ\u00d6RL\u00dc\/ AKSESUARLAR\/ (urunler-desperado-arms) \u00dcr\u00fcn \u00d6zellikleri MODEL DSP-612 D-5 S\u0130STEM Gazl\u0131 Sistem\" \/>\n<meta property=\"og:url\" content=\"https:\/\/desperadoarms.com.tr\/tr\/urunler\/\" \/>\n<meta property=\"og:site_name\" content=\"Desperado Arms\" \/>\n<meta property=\"article:modified_time\" content=\"2021-10-13T15:26:00+00:00\" \/>\n<meta property=\"og:image\" content=\"http:\/\/desperadoarms.com.tr\/tr\/wp-content\/uploads\/2021\/09\/DSP-612-D-5-300x81.png\" \/>\n<meta name=\"twitter:card\" content=\"summary_large_image\" \/>\n<script type=\"application\/ld+json\" class=\"yoast-schema-graph\">{\"@context\":\"https:\/\/schema.org\",\"@graph\":[{\"@type\":\"WebPage\",\"@id\":\"https:\/\/desperadoarms.com.tr\/tr\/urunler\/\",\"url\":\"https:\/\/desperadoarms.com.tr\/tr\/urunler\/\",\"name\":\"AV T\u00fcfekleri - Desperado Arms -Urunler\",\"isPartOf\":{\"@id\":\"https:\/\/desperadoarms.com.tr\/tr\/#website\"},\"primaryImageOfPage\":{\"@id\":\"https:\/\/desperadoarms.com.tr\/tr\/urunler\/#primaryimage\"},\"image\":{\"@id\":\"https:\/\/desperadoarms.com.tr\/tr\/urunler\/#primaryimage\"},\"thumbnailUrl\":\"http:\/\/desperadoarms.com.tr\/tr\/wp-content\/uploads\/2021\/09\/DSP-612-D-5-300x81.png\",\"datePublished\":\"2021-06-28T09:30:21+00:00\",\"dateModified\":\"2021-10-13T15:26:00+00:00\",\"description\":\"BULLPUP\/ POMPALI\/ YARI-OTOMAT\u0130K\/ D\u0130KEY-\u015eARJ\u00d6RL\u00dc\/ AKSESUARLAR\/ (urunler-desperado-arms) \u00dcr\u00fcn \u00d6zellikleri MODEL DSP-612 D-5 S\u0130STEM Gazl\u0131 Sistem\",\"breadcrumb\":{\"@id\":\"https:\/\/desperadoarms.com.tr\/tr\/urunler\/#breadcrumb\"},\"inLanguage\":\"tr\",\"potentialAction\":[{\"@type\":\"ReadAction\",\"target\":[\"https:\/\/desperadoarms.com.tr\/tr\/urunler\/\"]}]},{\"@type\":\"ImageObject\",\"inLanguage\":\"tr\",\"@id\":\"https:\/\/desperadoarms.com.tr\/tr\/urunler\/#primaryimage\",\"url\":\"http:\/\/desperadoarms.com.tr\/tr\/wp-content\/uploads\/2021\/09\/DSP-612-D-5-300x81.png\",\"contentUrl\":\"http:\/\/desperadoarms.com.tr\/tr\/wp-content\/uploads\/2021\/09\/DSP-612-D-5-300x81.png\"},{\"@type\":\"BreadcrumbList\",\"@id\":\"https:\/\/desperadoarms.com.tr\/tr\/urunler\/#breadcrumb\",\"itemListElement\":[{\"@type\":\"ListItem\",\"position\":1,\"name\":\"Anasayfa\",\"item\":\"https:\/\/desperadoarms.com.tr\/tr\/\"},{\"@type\":\"ListItem\",\"position\":2,\"name\":\"\u00dcr\u00fcnler\"}]},{\"@type\":\"WebSite\",\"@id\":\"https:\/\/desperadoarms.com.tr\/tr\/#website\",\"url\":\"https:\/\/desperadoarms.com.tr\/tr\/\",\"name\":\"Desperado Arms\",\"description\":\"Dayan\u0131kl\u0131 ve konforlu t\u00fcfekler...\",\"publisher\":{\"@id\":\"https:\/\/desperadoarms.com.tr\/tr\/#organization\"},\"potentialAction\":[{\"@type\":\"SearchAction\",\"target\":{\"@type\":\"EntryPoint\",\"urlTemplate\":\"https:\/\/desperadoarms.com.tr\/tr\/?s={search_term_string}\"},\"query-input\":{\"@type\":\"PropertyValueSpecification\",\"valueRequired\":true,\"valueName\":\"search_term_string\"}}],\"inLanguage\":\"tr\"},{\"@type\":\"Organization\",\"@id\":\"https:\/\/desperadoarms.com.tr\/tr\/#organization\",\"name\":\"Desperado Arms\",\"url\":\"https:\/\/desperadoarms.com.tr\/tr\/\",\"logo\":{\"@type\":\"ImageObject\",\"inLanguage\":\"tr\",\"@id\":\"https:\/\/desperadoarms.com.tr\/tr\/#\/schema\/logo\/image\/\",\"url\":\"https:\/\/desperadoarms.com.tr\/tr\/wp-content\/uploads\/2021\/10\/desperado-karelogo.jpg\",\"contentUrl\":\"https:\/\/desperadoarms.com.tr\/tr\/wp-content\/uploads\/2021\/10\/desperado-karelogo.jpg\",\"width\":350,\"height\":351,\"caption\":\"Desperado Arms\"},\"image\":{\"@id\":\"https:\/\/desperadoarms.com.tr\/tr\/#\/schema\/logo\/image\/\"}}]}<\/script>\n<!-- \/ Yoast SEO plugin. -->","yoast_head_json":{"title":"AV T\u00fcfekleri - Desperado Arms -Urunler","description":"BULLPUP\/ POMPALI\/ YARI-OTOMAT\u0130K\/ D\u0130KEY-\u015eARJ\u00d6RL\u00dc\/ AKSESUARLAR\/ (urunler-desperado-arms) \u00dcr\u00fcn \u00d6zellikleri MODEL DSP-612 D-5 S\u0130STEM Gazl\u0131 Sistem","robots":{"index":"index","follow":"follow","max-snippet":"max-snippet:-1","max-image-preview":"max-image-preview:large","max-video-preview":"max-video-preview:-1"},"canonical":"https:\/\/desperadoarms.com.tr\/tr\/urunler\/","og_locale":"tr_TR","og_type":"article","og_title":"AV T\u00fcfekleri - Desperado Arms -Urunler","og_description":"BULLPUP\/ POMPALI\/ YARI-OTOMAT\u0130K\/ D\u0130KEY-\u015eARJ\u00d6RL\u00dc\/ AKSESUARLAR\/ (urunler-desperado-arms) \u00dcr\u00fcn \u00d6zellikleri MODEL DSP-612 D-5 S\u0130STEM Gazl\u0131 Sistem","og_url":"https:\/\/desperadoarms.com.tr\/tr\/urunler\/","og_site_name":"Desperado Arms","article_modified_time":"2021-10-13T15:26:00+00:00","og_image":[{"url":"http:\/\/desperadoarms.com.tr\/tr\/wp-content\/uploads\/2021\/09\/DSP-612-D-5-300x81.png","type":"","width":"","height":""}],"twitter_card":"summary_large_image","schema":{"@context":"https:\/\/schema.org","@graph":[{"@type":"WebPage","@id":"https:\/\/desperadoarms.com.tr\/tr\/urunler\/","url":"https:\/\/desperadoarms.com.tr\/tr\/urunler\/","name":"AV T\u00fcfekleri - Desperado Arms -Urunler","isPartOf":{"@id":"https:\/\/desperadoarms.com.tr\/tr\/#website"},"primaryImageOfPage":{"@id":"https:\/\/desperadoarms.com.tr\/tr\/urunler\/#primaryimage"},"image":{"@id":"https:\/\/desperadoarms.com.tr\/tr\/urunler\/#primaryimage"},"thumbnailUrl":"http:\/\/desperadoarms.com.tr\/tr\/wp-content\/uploads\/2021\/09\/DSP-612-D-5-300x81.png","datePublished":"2021-06-28T09:30:21+00:00","dateModified":"2021-10-13T15:26:00+00:00","description":"BULLPUP\/ POMPALI\/ YARI-OTOMAT\u0130K\/ D\u0130KEY-\u015eARJ\u00d6RL\u00dc\/ AKSESUARLAR\/ (urunler-desperado-arms) \u00dcr\u00fcn \u00d6zellikleri MODEL DSP-612 D-5 S\u0130STEM Gazl\u0131 Sistem","breadcrumb":{"@id":"https:\/\/desperadoarms.com.tr\/tr\/urunler\/#breadcrumb"},"inLanguage":"tr","potentialAction":[{"@type":"ReadAction","target":["https:\/\/desperadoarms.com.tr\/tr\/urunler\/"]}]},{"@type":"ImageObject","inLanguage":"tr","@id":"https:\/\/desperadoarms.com.tr\/tr\/urunler\/#primaryimage","url":"http:\/\/desperadoarms.com.tr\/tr\/wp-content\/uploads\/2021\/09\/DSP-612-D-5-300x81.png","contentUrl":"http:\/\/desperadoarms.com.tr\/tr\/wp-content\/uploads\/2021\/09\/DSP-612-D-5-300x81.png"},{"@type":"BreadcrumbList","@id":"https:\/\/desperadoarms.com.tr\/tr\/urunler\/#breadcrumb","itemListElement":[{"@type":"ListItem","position":1,"name":"Anasayfa","item":"https:\/\/desperadoarms.com.tr\/tr\/"},{"@type":"ListItem","position":2,"name":"\u00dcr\u00fcnler"}]},{"@type":"WebSite","@id":"https:\/\/desperadoarms.com.tr\/tr\/#website","url":"https:\/\/desperadoarms.com.tr\/tr\/","name":"Desperado Arms","description":"Dayan\u0131kl\u0131 ve konforlu t\u00fcfekler...","publisher":{"@id":"https:\/\/desperadoarms.com.tr\/tr\/#organization"},"potentialAction":[{"@type":"SearchAction","target":{"@type":"EntryPoint","urlTemplate":"https:\/\/desperadoarms.com.tr\/tr\/?s={search_term_string}"},"query-input":{"@type":"PropertyValueSpecification","valueRequired":true,"valueName":"search_term_string"}}],"inLanguage":"tr"},{"@type":"Organization","@id":"https:\/\/desperadoarms.com.tr\/tr\/#organization","name":"Desperado Arms","url":"https:\/\/desperadoarms.com.tr\/tr\/","logo":{"@type":"ImageObject","inLanguage":"tr","@id":"https:\/\/desperadoarms.com.tr\/tr\/#\/schema\/logo\/image\/","url":"https:\/\/desperadoarms.com.tr\/tr\/wp-content\/uploads\/2021\/10\/desperado-karelogo.jpg","contentUrl":"https:\/\/desperadoarms.com.tr\/tr\/wp-content\/uploads\/2021\/10\/desperado-karelogo.jpg","width":350,"height":351,"caption":"Desperado Arms"},"image":{"@id":"https:\/\/desperadoarms.com.tr\/tr\/#\/schema\/logo\/image\/"}}]}},"_links":{"self":[{"href":"https:\/\/desperadoarms.com.tr\/tr\/wp-json\/wp\/v2\/pages\/62","targetHints":{"allow":["GET"]}}],"collection":[{"href":"https:\/\/desperadoarms.com.tr\/tr\/wp-json\/wp\/v2\/pages"}],"about":[{"href":"https:\/\/desperadoarms.com.tr\/tr\/wp-json\/wp\/v2\/types\/page"}],"author":[{"embeddable":true,"href":"https:\/\/desperadoarms.com.tr\/tr\/wp-json\/wp\/v2\/users\/1"}],"replies":[{"embeddable":true,"href":"https:\/\/desperadoarms.com.tr\/tr\/wp-json\/wp\/v2\/comments?post=62"}],"version-history":[{"count":5,"href":"https:\/\/desperadoarms.com.tr\/tr\/wp-json\/wp\/v2\/pages\/62\/revisions"}],"predecessor-version":[{"id":1758,"href":"https:\/\/desperadoarms.com.tr\/tr\/wp-json\/wp\/v2\/pages\/62\/revisions\/1758"}],"wp:attachment":[{"href":"https:\/\/desperadoarms.com.tr\/tr\/wp-json\/wp\/v2\/media?parent=62"}],"curies":[{"name":"wp","href":"https:\/\/api.w.org\/{rel}","templated":true}]}}