{"id":109,"date":"2021-06-30T18:29:37","date_gmt":"2021-06-30T15:29:37","guid":{"rendered":"http:\/\/desperadoarms.com.tr\/tr\/?page_id=109"},"modified":"2021-12-08T18:03:39","modified_gmt":"2021-12-08T15:03:39","slug":"bullpup-av-tufekleri","status":"publish","type":"page","link":"https:\/\/desperadoarms.com.tr\/tr\/bullpup-av-tufekleri\/","title":{"rendered":"Bullpup Av T\u00fcfekleri"},"content":{"rendered":"<p>Bullpup Av T\u00fcfekleri<\/p>\n<ul class=\"ozellikler\">\n<li>MODEL: <a>DSP-912<\/a><\/li>\n<li>S\u0130STEM: <a>Gazl\u0131 Sistem<\/a><\/li>\n<li>\u00d6L\u00c7\u00dc: <a>12 \/ 20<\/a><\/li>\n<li>\u015eARJ\u00d6R KAPAS\u0130TES\u0130: <a>2 + 1 \/ 5 + 1 \/ 10 + 1<\/a><\/li>\n<li>NAMLU UZUNLU\u011eU: <a class=\"barrel-length\">47 cm \/ 18.5&#8243;<\/a><\/li>\n<li>STOK: <a>Taktikal Sentetik<\/a><\/li>\n<li>F\u0130\u015eEK YATA\u011eI: <a>3&#8243;<\/a><\/li>\n<li>\u015eOK: <a>Taktikal Namlu \u015eok<\/a><\/li>\n<li>ORTALAMA A\u011eIRLIK: <a>3,66 kgs<\/a><\/li>\n<\/ul>\n<p><a href=\"https:\/\/desperadoarms.com.tr\/tr\/bullpup-av-tufekleri\/\"><img decoding=\"async\" class=\"alignnone size-medium wp-image-1425 lazyload\" data-src=\"http:\/\/desperadoarms.com.tr\/tr\/wp-content\/uploads\/2021\/09\/DSP-912-A-1-300x105.png\" alt=\"bullpup-av-t\u00fcfekleri\" width=\"300\" height=\"105\" data-srcset=\"https:\/\/desperadoarms.com.tr\/tr\/wp-content\/uploads\/2021\/09\/DSP-912-A-1-300x105.png 300w, https:\/\/desperadoarms.com.tr\/tr\/wp-content\/uploads\/2021\/09\/DSP-912-A-1-1024x360.png 1024w, https:\/\/desperadoarms.com.tr\/tr\/wp-content\/uploads\/2021\/09\/DSP-912-A-1-768x270.png 768w, https:\/\/desperadoarms.com.tr\/tr\/wp-content\/uploads\/2021\/09\/DSP-912-A-1-1536x540.png 1536w, https:\/\/desperadoarms.com.tr\/tr\/wp-content\/uploads\/2021\/09\/DSP-912-A-1-299x105.png 299w, https:\/\/desperadoarms.com.tr\/tr\/wp-content\/uploads\/2021\/09\/DSP-912-A-1.png 1920w\" data-sizes=\"(max-width: 300px) 100vw, 300px\" src=\"data:image\/svg+xml;base64,PHN2ZyB3aWR0aD0iMSIgaGVpZ2h0PSIxIiB4bWxucz0iaHR0cDovL3d3dy53My5vcmcvMjAwMC9zdmciPjwvc3ZnPg==\" style=\"--smush-placeholder-width: 300px; --smush-placeholder-aspect-ratio: 300\/105;\" \/><\/a><\/p>\n<p><a href=\"https:\/\/www.multiyazilim.com\/\">https:\/\/www.multiyazilim.com\/<\/a><\/p>\n","protected":false},"excerpt":{"rendered":"<p>Bullpup Av T\u00fcfekleri MODEL: DSP-912 S\u0130STEM: Gazl\u0131 Sistem \u00d6L\u00c7\u00dc: 12 \/ 20 \u015eARJ\u00d6R KAPAS\u0130TES\u0130: 2 + 1 \/ 5 + 1 \/ 10 + 1 NAMLU UZUNLU\u011eU: 47 cm \/ 18.5&#8243; STOK: Taktikal Sentetik F\u0130\u015eEK YATA\u011eI: 3&#8243; \u015eOK: Taktikal Namlu \u015eok ORTALAMA A\u011eIRLIK: 3,66 kgs https:\/\/www.multiyazilim.com\/<\/p>\n","protected":false},"author":1,"featured_media":0,"parent":0,"menu_order":0,"comment_status":"closed","ping_status":"closed","template":"","meta":{"_acf_changed":false,"footnotes":""},"class_list":["post-109","page","type-page","status-publish","hentry"],"acf":[],"yoast_head":"<!-- This site is optimized with the Yoast SEO plugin v27.1.1 - https:\/\/yoast.com\/product\/yoast-seo-wordpress\/ -->\n<title>Bullpup Av T\u00fcfekleri - Desperado Arms<\/title>\n<meta name=\"description\" content=\"MODEL: DSP-912, S\u0130STEM: Gazl\u0131 Sistem, \u00d6L\u00c7\u00dc: 12 \/ 20, \u015eARJ\u00d6R KAPAS\u0130TES\u0130: 2 + 1 \/ 5 + 1 \/ 10 + 1...(Bullpup Av T\u00fcfekleri)\" \/>\n<meta name=\"robots\" content=\"index, follow, max-snippet:-1, max-image-preview:large, max-video-preview:-1\" \/>\n<link rel=\"canonical\" href=\"https:\/\/desperadoarms.com.tr\/tr\/bullpup-av-tufekleri\/\" \/>\n<meta property=\"og:locale\" content=\"tr_TR\" \/>\n<meta property=\"og:type\" content=\"article\" \/>\n<meta property=\"og:title\" content=\"Bullpup Av T\u00fcfekleri - Desperado Arms\" \/>\n<meta property=\"og:description\" content=\"MODEL: DSP-912, S\u0130STEM: Gazl\u0131 Sistem, \u00d6L\u00c7\u00dc: 12 \/ 20, \u015eARJ\u00d6R KAPAS\u0130TES\u0130: 2 + 1 \/ 5 + 1 \/ 10 + 1...(Bullpup Av T\u00fcfekleri)\" \/>\n<meta property=\"og:url\" content=\"https:\/\/desperadoarms.com.tr\/tr\/bullpup-av-tufekleri\/\" \/>\n<meta property=\"og:site_name\" content=\"Desperado Arms\" \/>\n<meta property=\"article:modified_time\" content=\"2021-12-08T15:03:39+00:00\" \/>\n<meta property=\"og:image\" content=\"http:\/\/desperadoarms.com.tr\/tr\/wp-content\/uploads\/2021\/09\/DSP-912-A-1-300x105.png\" \/>\n<meta name=\"twitter:card\" content=\"summary_large_image\" \/>\n<script type=\"application\/ld+json\" class=\"yoast-schema-graph\">{\"@context\":\"https:\/\/schema.org\",\"@graph\":[{\"@type\":\"WebPage\",\"@id\":\"https:\/\/desperadoarms.com.tr\/tr\/bullpup-av-tufekleri\/\",\"url\":\"https:\/\/desperadoarms.com.tr\/tr\/bullpup-av-tufekleri\/\",\"name\":\"Bullpup Av T\u00fcfekleri - Desperado Arms\",\"isPartOf\":{\"@id\":\"https:\/\/desperadoarms.com.tr\/tr\/#website\"},\"primaryImageOfPage\":{\"@id\":\"https:\/\/desperadoarms.com.tr\/tr\/bullpup-av-tufekleri\/#primaryimage\"},\"image\":{\"@id\":\"https:\/\/desperadoarms.com.tr\/tr\/bullpup-av-tufekleri\/#primaryimage\"},\"thumbnailUrl\":\"http:\/\/desperadoarms.com.tr\/tr\/wp-content\/uploads\/2021\/09\/DSP-912-A-1-300x105.png\",\"datePublished\":\"2021-06-30T15:29:37+00:00\",\"dateModified\":\"2021-12-08T15:03:39+00:00\",\"description\":\"MODEL: DSP-912, S\u0130STEM: Gazl\u0131 Sistem, \u00d6L\u00c7\u00dc: 12 \/ 20, \u015eARJ\u00d6R KAPAS\u0130TES\u0130: 2 + 1 \/ 5 + 1 \/ 10 + 1...(Bullpup Av T\u00fcfekleri)\",\"breadcrumb\":{\"@id\":\"https:\/\/desperadoarms.com.tr\/tr\/bullpup-av-tufekleri\/#breadcrumb\"},\"inLanguage\":\"tr\",\"potentialAction\":[{\"@type\":\"ReadAction\",\"target\":[\"https:\/\/desperadoarms.com.tr\/tr\/bullpup-av-tufekleri\/\"]}]},{\"@type\":\"ImageObject\",\"inLanguage\":\"tr\",\"@id\":\"https:\/\/desperadoarms.com.tr\/tr\/bullpup-av-tufekleri\/#primaryimage\",\"url\":\"https:\/\/desperadoarms.com.tr\/tr\/wp-content\/uploads\/2021\/09\/DSP-912-A-1.png\",\"contentUrl\":\"https:\/\/desperadoarms.com.tr\/tr\/wp-content\/uploads\/2021\/09\/DSP-912-A-1.png\",\"width\":1920,\"height\":675},{\"@type\":\"BreadcrumbList\",\"@id\":\"https:\/\/desperadoarms.com.tr\/tr\/bullpup-av-tufekleri\/#breadcrumb\",\"itemListElement\":[{\"@type\":\"ListItem\",\"position\":1,\"name\":\"Anasayfa\",\"item\":\"https:\/\/desperadoarms.com.tr\/tr\/\"},{\"@type\":\"ListItem\",\"position\":2,\"name\":\"Bullpup Av T\u00fcfekleri\"}]},{\"@type\":\"WebSite\",\"@id\":\"https:\/\/desperadoarms.com.tr\/tr\/#website\",\"url\":\"https:\/\/desperadoarms.com.tr\/tr\/\",\"name\":\"Desperado Arms\",\"description\":\"Dayan\u0131kl\u0131 ve konforlu t\u00fcfekler...\",\"publisher\":{\"@id\":\"https:\/\/desperadoarms.com.tr\/tr\/#organization\"},\"potentialAction\":[{\"@type\":\"SearchAction\",\"target\":{\"@type\":\"EntryPoint\",\"urlTemplate\":\"https:\/\/desperadoarms.com.tr\/tr\/?s={search_term_string}\"},\"query-input\":{\"@type\":\"PropertyValueSpecification\",\"valueRequired\":true,\"valueName\":\"search_term_string\"}}],\"inLanguage\":\"tr\"},{\"@type\":\"Organization\",\"@id\":\"https:\/\/desperadoarms.com.tr\/tr\/#organization\",\"name\":\"Desperado Arms\",\"url\":\"https:\/\/desperadoarms.com.tr\/tr\/\",\"logo\":{\"@type\":\"ImageObject\",\"inLanguage\":\"tr\",\"@id\":\"https:\/\/desperadoarms.com.tr\/tr\/#\/schema\/logo\/image\/\",\"url\":\"https:\/\/desperadoarms.com.tr\/tr\/wp-content\/uploads\/2021\/10\/desperado-karelogo.jpg\",\"contentUrl\":\"https:\/\/desperadoarms.com.tr\/tr\/wp-content\/uploads\/2021\/10\/desperado-karelogo.jpg\",\"width\":350,\"height\":351,\"caption\":\"Desperado Arms\"},\"image\":{\"@id\":\"https:\/\/desperadoarms.com.tr\/tr\/#\/schema\/logo\/image\/\"}}]}<\/script>\n<!-- \/ Yoast SEO plugin. -->","yoast_head_json":{"title":"Bullpup Av T\u00fcfekleri - Desperado Arms","description":"MODEL: DSP-912, S\u0130STEM: Gazl\u0131 Sistem, \u00d6L\u00c7\u00dc: 12 \/ 20, \u015eARJ\u00d6R KAPAS\u0130TES\u0130: 2 + 1 \/ 5 + 1 \/ 10 + 1...(Bullpup Av T\u00fcfekleri)","robots":{"index":"index","follow":"follow","max-snippet":"max-snippet:-1","max-image-preview":"max-image-preview:large","max-video-preview":"max-video-preview:-1"},"canonical":"https:\/\/desperadoarms.com.tr\/tr\/bullpup-av-tufekleri\/","og_locale":"tr_TR","og_type":"article","og_title":"Bullpup Av T\u00fcfekleri - Desperado Arms","og_description":"MODEL: DSP-912, S\u0130STEM: Gazl\u0131 Sistem, \u00d6L\u00c7\u00dc: 12 \/ 20, \u015eARJ\u00d6R KAPAS\u0130TES\u0130: 2 + 1 \/ 5 + 1 \/ 10 + 1...(Bullpup Av T\u00fcfekleri)","og_url":"https:\/\/desperadoarms.com.tr\/tr\/bullpup-av-tufekleri\/","og_site_name":"Desperado Arms","article_modified_time":"2021-12-08T15:03:39+00:00","og_image":[{"url":"http:\/\/desperadoarms.com.tr\/tr\/wp-content\/uploads\/2021\/09\/DSP-912-A-1-300x105.png","type":"","width":"","height":""}],"twitter_card":"summary_large_image","schema":{"@context":"https:\/\/schema.org","@graph":[{"@type":"WebPage","@id":"https:\/\/desperadoarms.com.tr\/tr\/bullpup-av-tufekleri\/","url":"https:\/\/desperadoarms.com.tr\/tr\/bullpup-av-tufekleri\/","name":"Bullpup Av T\u00fcfekleri - Desperado Arms","isPartOf":{"@id":"https:\/\/desperadoarms.com.tr\/tr\/#website"},"primaryImageOfPage":{"@id":"https:\/\/desperadoarms.com.tr\/tr\/bullpup-av-tufekleri\/#primaryimage"},"image":{"@id":"https:\/\/desperadoarms.com.tr\/tr\/bullpup-av-tufekleri\/#primaryimage"},"thumbnailUrl":"http:\/\/desperadoarms.com.tr\/tr\/wp-content\/uploads\/2021\/09\/DSP-912-A-1-300x105.png","datePublished":"2021-06-30T15:29:37+00:00","dateModified":"2021-12-08T15:03:39+00:00","description":"MODEL: DSP-912, S\u0130STEM: Gazl\u0131 Sistem, \u00d6L\u00c7\u00dc: 12 \/ 20, \u015eARJ\u00d6R KAPAS\u0130TES\u0130: 2 + 1 \/ 5 + 1 \/ 10 + 1...(Bullpup Av T\u00fcfekleri)","breadcrumb":{"@id":"https:\/\/desperadoarms.com.tr\/tr\/bullpup-av-tufekleri\/#breadcrumb"},"inLanguage":"tr","potentialAction":[{"@type":"ReadAction","target":["https:\/\/desperadoarms.com.tr\/tr\/bullpup-av-tufekleri\/"]}]},{"@type":"ImageObject","inLanguage":"tr","@id":"https:\/\/desperadoarms.com.tr\/tr\/bullpup-av-tufekleri\/#primaryimage","url":"https:\/\/desperadoarms.com.tr\/tr\/wp-content\/uploads\/2021\/09\/DSP-912-A-1.png","contentUrl":"https:\/\/desperadoarms.com.tr\/tr\/wp-content\/uploads\/2021\/09\/DSP-912-A-1.png","width":1920,"height":675},{"@type":"BreadcrumbList","@id":"https:\/\/desperadoarms.com.tr\/tr\/bullpup-av-tufekleri\/#breadcrumb","itemListElement":[{"@type":"ListItem","position":1,"name":"Anasayfa","item":"https:\/\/desperadoarms.com.tr\/tr\/"},{"@type":"ListItem","position":2,"name":"Bullpup Av T\u00fcfekleri"}]},{"@type":"WebSite","@id":"https:\/\/desperadoarms.com.tr\/tr\/#website","url":"https:\/\/desperadoarms.com.tr\/tr\/","name":"Desperado Arms","description":"Dayan\u0131kl\u0131 ve konforlu t\u00fcfekler...","publisher":{"@id":"https:\/\/desperadoarms.com.tr\/tr\/#organization"},"potentialAction":[{"@type":"SearchAction","target":{"@type":"EntryPoint","urlTemplate":"https:\/\/desperadoarms.com.tr\/tr\/?s={search_term_string}"},"query-input":{"@type":"PropertyValueSpecification","valueRequired":true,"valueName":"search_term_string"}}],"inLanguage":"tr"},{"@type":"Organization","@id":"https:\/\/desperadoarms.com.tr\/tr\/#organization","name":"Desperado Arms","url":"https:\/\/desperadoarms.com.tr\/tr\/","logo":{"@type":"ImageObject","inLanguage":"tr","@id":"https:\/\/desperadoarms.com.tr\/tr\/#\/schema\/logo\/image\/","url":"https:\/\/desperadoarms.com.tr\/tr\/wp-content\/uploads\/2021\/10\/desperado-karelogo.jpg","contentUrl":"https:\/\/desperadoarms.com.tr\/tr\/wp-content\/uploads\/2021\/10\/desperado-karelogo.jpg","width":350,"height":351,"caption":"Desperado Arms"},"image":{"@id":"https:\/\/desperadoarms.com.tr\/tr\/#\/schema\/logo\/image\/"}}]}},"_links":{"self":[{"href":"https:\/\/desperadoarms.com.tr\/tr\/wp-json\/wp\/v2\/pages\/109","targetHints":{"allow":["GET"]}}],"collection":[{"href":"https:\/\/desperadoarms.com.tr\/tr\/wp-json\/wp\/v2\/pages"}],"about":[{"href":"https:\/\/desperadoarms.com.tr\/tr\/wp-json\/wp\/v2\/types\/page"}],"author":[{"embeddable":true,"href":"https:\/\/desperadoarms.com.tr\/tr\/wp-json\/wp\/v2\/users\/1"}],"replies":[{"embeddable":true,"href":"https:\/\/desperadoarms.com.tr\/tr\/wp-json\/wp\/v2\/comments?post=109"}],"version-history":[{"count":4,"href":"https:\/\/desperadoarms.com.tr\/tr\/wp-json\/wp\/v2\/pages\/109\/revisions"}],"predecessor-version":[{"id":1781,"href":"https:\/\/desperadoarms.com.tr\/tr\/wp-json\/wp\/v2\/pages\/109\/revisions\/1781"}],"wp:attachment":[{"href":"https:\/\/desperadoarms.com.tr\/tr\/wp-json\/wp\/v2\/media?parent=109"}],"curies":[{"name":"wp","href":"https:\/\/api.w.org\/{rel}","templated":true}]}}